{"id":14,"date":"2020-07-20T21:46:07","date_gmt":"2020-07-20T21:46:07","guid":{"rendered":"https:\/\/cero2050.es\/contacto\/"},"modified":"2025-08-22T21:44:55","modified_gmt":"2025-08-22T20:44:55","slug":"contacto","status":"publish","type":"page","link":"https:\/\/cero2050.es\/en\/contact\/","title":{"rendered":"Contact"},"content":{"rendered":"<div class=\"brz-root__container brz-reset-all brz\">\n<section id=\"bqxdrgwmaecswmvbfwnhplkghwxfmwhmojyx\" class=\"brz-section brz-css-kWhrE\">\n<div class=\"brz-section__content brz-section--boxed brz-css-u9bGC brz-css-x8KPc\" data-brz-custom-id=\"tykuaenawutddnfdvsdusnmlqrulnsezlkaz\">\n<div class=\"brz-bg\">\n<div class=\"brz-bg-image\"><\/div>\n<div class=\"brz-bg-color\"><\/div>\n<\/div>\n<div class=\"brz-container brz-css-mkbIf brz-css-tM1Ob\">\n<div class=\"brz-row__container brz-css-b3hAA\" data-brz-custom-id=\"nwseovuqwtflztdpzmoyyjvsfbxkpeucawqs\">\n<div class=\"brz-bg\"><\/div>\n<div class=\"brz-row brz-css-iYtsW brz-css-xppCH\">\n<div class=\"brz-columns brz-css-oBX4M brz-css-s_SrF\" data-brz-custom-id=\"gkaqjkxlqhtlpivnaxbxuucjnwqfyoxzvvpo\">\n<div class=\"brz-bg\"><\/div>\n<div class=\"brz-column__items brz-css-yiDel\">\n<div id=\"\" class=\"brz-css-z33ns brz-wrapper\">\n<div class=\"brz-rich-text brz-rich-text__custom brz-css-r_Nwp\" data-brz-custom-id=\"feahwkqhtmnxyyzplgbqrxikxcyjgzsaqojl\">\n<div data-brz-translate-text=\"1\">\n<p class=\"brz-fs-xs-34 brz-ls-xs-10 brz-lh-xs-1_7 brz-text-lg-center brz-fw-xs-200 brz-ff-montserrat brz-ft-google brz-fs-lg-42 brz-fss-lg-px brz-fw-lg-200 brz-ls-lg-2 brz-lh-lg-1_7 brz-tp-lg-empty brz-fs-sm-44 brz-fss-sm-px brz-fw-sm-200 brz-ls-sm-10 brz-lh-sm-1_7 brz-tp-sm-empty brz-css-pKMrX\" data-uniq-id=\"rwkjg\" data-generated-css=\"brz-css-rliha\"><span class=\"brz-cp-color1\">CONTACT WITH <\/span><\/p>\n<\/div>\n<\/div>\n<\/div>\n<\/div>\n<\/div>\n<div class=\"brz-columns brz-css-oBX4M brz-css-qQTq9\" data-brz-custom-id=\"jhoucxzdpsmrbncoxiawspmeqcjbyxlmjdpl\">\n<div class=\"brz-bg\"><\/div>\n<div class=\"brz-column__items brz-css-yiDel\">\n<div id=\"\" class=\"brz-css-z33ns brz-wrapper\">\n<div class=\"brz-image brz-css-wvJQX\" data-brz-custom-id=\"fnilwscunohtaiqvasinzofpeyvttxeneqxm\"><img decoding=\"async\" class=\"brz-img\" src=\"https:\/\/cero2050.es\/wp-content\/uploads\/brizy\/imgs\/cero2050-tr-e1595572497238-254x58x0x0x254x58x1596284384.png\" alt=\"\" loading=\"lazy\"><\/div>\n<\/div>\n<\/div>\n<\/div>\n<\/div>\n<\/div>\n<div class=\"brz-row__container brz-css-b3hAA\" data-brz-custom-id=\"pepxfgsqkmbaciowyysxfckyxgzeoukjxaxi\">\n<div class=\"brz-bg\"><\/div>\n<div class=\"brz-row brz-css-iYtsW brz-css-xppCH\">\n<div class=\"brz-columns brz-css-oBX4M brz-css-waNcY\" data-brz-custom-id=\"saromyontuhyevqzbouzqfhrgvojibpmazue\">\n<div class=\"brz-bg\"><\/div>\n<div class=\"brz-column__items brz-css-yiDel\">\n<div id=\"\" class=\"brz-css-z33ns brz-wrapper\">\n<div class=\"brz-rich-text brz-rich-text__custom brz-css-r_Nwp\" data-brz-custom-id=\"bltpuwahghezdzbewvunkjwqpbmknywgkrri\">\n<div data-brz-translate-text=\"1\">\n<p data-generated-css=\"brz-css-pmxjx\" data-uniq-id=\"tuuuh\" class=\"brz-tp-lg-iawilzcuzehrsimgaycsscjdyhwksgcgkzre brz-css-o6eQs\"><span class=\"brz-cp-color7\">The cero250.es website has been developed within the framework of the CORE LNGas Hive project, led by Puertos del Estado and co-financed with funds from the CEF-T program of the European Union. <\/span><\/p>\n<\/div>\n<\/div>\n<\/div>\n<\/div>\n<\/div>\n<\/div>\n<\/div>\n<div class=\"brz-row__container brz-css-b3hAA\" data-brz-custom-id=\"npocgorpjtfoaylcisdgugwfxmoqesdqxknp\">\n<div class=\"brz-bg\"><\/div>\n<div class=\"brz-row brz-css-iYtsW brz-css-xppCH\">\n<div class=\"brz-columns brz-css-oBX4M brz-css-nYiYY\" data-brz-custom-id=\"zktlrwlevsfpghbxqbjrezlkyplacxrytqfz\">\n<div class=\"brz-bg\"><\/div>\n<div class=\"brz-column__items brz-css-yiDel\">\n<div id=\"\" class=\"brz-css-z33ns brz-css-tnr2Q brz-wrapper\">\n<div class=\"brz-rich-text brz-rich-text__custom brz-css-r_Nwp\" data-brz-custom-id=\"apqbnutbaipzjridtvdkohmyvpixetviqbge\">\n<div data-brz-translate-text=\"1\">\n<p class=\"brz-lh-lg-1_7 brz-lh-sm-1_6 brz-lh-xs-1_6 brz-fs-lg-16 brz-fs-sm-15 brz-fs-xs-16 brz-ls-lg-0 brz-ls-sm-0 brz-ls-xs-0 brz-ff-montserrat brz-ft-google brz-fw-lg-300 brz-fw-sm-300 brz-fw-xs-300 brz-css-hP_HD\" data-generated-css=\"brz-css-ikiee\" data-uniq-id=\"xzstw\"><span class=\"brz-cp-color3\">For more information on the status of the project, contact <\/span><strong class=\"brz-cp-color3\">info@cero2050.es <\/strong><span class=\"brz-cp-color3\">or send us a comment through this form:<\/span><\/p>\n<\/div>\n<\/div>\n<\/div>\n<\/div>\n<\/div>\n<div class=\"brz-columns brz-css-oBX4M brz-css-fUtUI\" data-brz-custom-id=\"aihjzeqfkupgkcnftnykfsupxncsvzklmhgp\">\n<div class=\"brz-bg\"><\/div>\n<div class=\"brz-column__items brz-css-yiDel\">\n<div id=\"\" class=\"brz-css-z33ns brz-css-bmAI7 brz-css-fUYJa brz-wrapper\">\n<div class=\"brz-spacer brz-css-onMe7\"><\/div>\n<\/div>\n<\/div>\n<\/div>\n<\/div>\n<\/div>\n<div class=\"brz-row__container brz-css-b3hAA\" data-brz-custom-id=\"dhtpmwmqaddnrxizmaxuxocwtfppmrouceuz\">\n<div class=\"brz-bg\"><\/div>\n<div class=\"brz-row brz-css-iYtsW brz-css-xppCH\">\n<div class=\"brz-columns brz-css-oBX4M brz-css-zPv0K\" data-brz-custom-id=\"siwpqilhpkncfwejwqlsqlankiioguduuuvu\">\n<div class=\"brz-bg\"><\/div>\n<div class=\"brz-column__items brz-css-yiDel\">\n<div id=\"\" class=\"brz-css-z33ns brz-wrapper\">\n<div data-brz-form-version=\"2\" class=\"brz-forms2 brz-css-p4ekb brz-css-otbgT\" data-brz-custom-id=\"micosjzdssczeqasmiusayskscfvwdmavelc\">\n<div data-brz-translate-text=\"1\" class=\"brz-forms2__item brz-css-yobsv brz-css-cGqGQ\"><\/div>\n<div data-brz-translate-text=\"1\" class=\"brz-forms2__item brz-css-yobsv brz-css-cGqGQ brz-css-rfIP_\"><textarea id=\"jgp_c3VA6tNg\" name=\"hlqveelxbwzhbutdevzslsswmfmirgfoltaw\" data-brz-type=\"Paragraph\" data-brz-label=\"Comentarios\" data-brz-placeholder=\"Comentarios\" class=\"brz-textarea brz-forms2__field brz-forms2__field-paragraph\"><\/textarea><\/div>\n<div class=\"brz-forms2 brz-forms2__item brz-forms2__item-button\" data-brz-custom-id=\"micosjzdssczeqasmiusayskscfvwdmavelc\"><button class=\"brz-btn brz-btn-submit brz-css-fvxOn\" data-brz-custom-id=\"vlsbzyazlpmqyvyykcmcapwmsrlmmrcstgjy\"><span data-brz-translate-text=\"1\" class=\"brz-span brz-text__editor\">SEND<\/span><\/button><\/div>\n<\/div>\n<\/div>\n<\/div>\n<\/div>\n<div class=\"brz-columns brz-css-oBX4M brz-css-x0d8S\" data-brz-custom-id=\"glbgtgcygesumdknottibhetmacsgcjfebll\">\n<div class=\"brz-bg\"><\/div>\n<div class=\"brz-column__items brz-css-yiDel brz-css-wtMfr\">\n<div id=\"\" class=\"brz-css-z33ns brz-css-cLKa7 brz-wrapper\">\n<div class=\"brz-rich-text brz-rich-text__custom brz-css-r_Nwp\" data-brz-custom-id=\"wbffzoncndoaqpdmaxlmkvulitmisbymochj\">\n<div data-brz-translate-text=\"1\">\n<p class=\"brz-mb-xs-0 brz-tp-heading6 brz-text-xs-center brz-mb-lg-0 brz-css-jCH1e\"><span class=\"brz-cp-color3\" style=\"background-color: transparent\">CONTACTS:<\/span><\/p>\n<\/div>\n<\/div>\n<\/div>\n<div id=\"\" class=\"brz-css-z33ns brz-wrapper\">\n<div class=\"brz-rich-text brz-rich-text__custom brz-css-r_Nwp\" data-brz-custom-id=\"kchpggvytrbmgjwmjgavjpriqgtmzrderjzr\">\n<div data-brz-translate-text=\"1\">\n<p class=\"brz-text-xs-center brz-tp-lg-paragraph brz-css-fdEEb\" data-generated-css=\"brz-css-kfpaf\" data-uniq-id=\"txerw\"><span class=\"brz-cp-color7\">info@cero2050.es<\/span><\/p>\n<\/div>\n<\/div>\n<\/div>\n<div id=\"\" class=\"brz-css-z33ns brz-css-kAeT6 brz-wrapper\">\n<div class=\"brz-rich-text brz-rich-text__custom brz-css-r_Nwp\" data-brz-custom-id=\"btjongolxrsrizyteprtkuenoaadrsksjpcm\">\n<div data-brz-translate-text=\"1\">\n<p class=\"brz-mb-xs-0 brz-mb-lg-0 brz-text-xs-center brz-tp-heading6 brz-css-m8sXx\"><span class=\"brz-cp-color3\" style=\"background-color: transparent\">OFFICES<\/span><\/p>\n<\/div>\n<\/div>\n<\/div>\n<div id=\"\" class=\"brz-css-z33ns brz-wrapper\">\n<div class=\"brz-rich-text brz-rich-text__custom brz-css-r_Nwp\" data-brz-custom-id=\"umcseqeldjzszuggkhiuhhoihhpjkdadluma\">\n<div data-brz-translate-text=\"1\">\n<p class=\"brz-tp-lg-paragraph brz-text-xs-center brz-css-l1dIf\" data-uniq-id=\"yjauh\" data-generated-css=\"brz-css-pmlnr\"><span class=\"brz-cp-color7\">Basauri 17, 28023 Madrid<\/span><\/p>\n<\/div>\n<\/div>\n<\/div>\n<div id=\"\" class=\"brz-css-z33ns brz-css-o47Rh brz-wrapper\">\n<div class=\"brz-rich-text brz-rich-text__custom brz-css-r_Nwp\" data-brz-custom-id=\"owbpbxchnfyetpoqspoqfmuvgjrjbscnfgjb\">\n<div data-brz-translate-text=\"1\">\n<p class=\"brz-mb-lg-0 brz-text-xs-center brz-tp-lg-heading6 brz-mb-xs-0 brz-css-oloh8\" data-uniq-id=\"ixfhd\" data-generated-css=\"brz-css-dptpb\"><span class=\"brz-cp-color3\" style=\"background-color: transparent\">TELEPHONE<\/span><\/p>\n<\/div>\n<\/div>\n<\/div>\n<div id=\"\" class=\"brz-css-z33ns brz-wrapper\">\n<div class=\"brz-rich-text brz-rich-text__custom brz-css-r_Nwp\" data-brz-custom-id=\"nelsovtodeovuhaadjwbomctcucbxrpsxzgd\">\n<div data-brz-translate-text=\"1\">\n<p class=\"brz-text-xs-center brz-tp-lg-paragraph brz-css-ltYHD\" data-generated-css=\"brz-css-daqrg\" data-uniq-id=\"dtfux\"><span class=\"brz-cp-color7\">Tel. +34 <\/span><strong>&nbsp;<\/strong><span>913 72 96 77<\/span><\/p>\n<p class=\"brz-text-xs-center brz-tp-lg-paragraph brz-css-beKlP\" data-generated-css=\"brz-css-jhhpo\" data-uniq-id=\"dggkv\"><\/p>\n<\/div>\n<\/div>\n<\/div>\n<\/div>\n<\/div>\n<\/div>\n<\/div>\n<\/div>\n<\/div>\n<\/section>\n<\/div>\n<p>    <!-- version:1724513712 --><\/p>","protected":false},"excerpt":{"rendered":"<p>CONTACT US The cero250.es website has been developed within the framework of the CORE LNGas Hive project, led by Puertos del Estado and co-financed with funds from the CEF-T programme of the European Union. For more information on the status of the project, contact info@cero2050.es or send us a comment using this form: SEND CONTACTS: info@cero2050.es OFFICES \u2026<\/p>","protected":false},"author":1,"featured_media":69001,"parent":0,"menu_order":0,"comment_status":"closed","ping_status":"closed","template":"brizy-blank-template.php","meta":{"footnotes":""},"class_list":["post-14","page","type-page","status-publish","has-post-thumbnail","hentry"],"yoast_head":"<!-- This site is optimized with the Yoast SEO plugin v23.4 - https:\/\/yoast.com\/wordpress\/plugins\/seo\/ -->\n<title>Contacto - cero 2050<\/title>\n<meta name=\"robots\" content=\"index, follow, max-snippet:-1, max-image-preview:large, max-video-preview:-1\" \/>\n<link rel=\"canonical\" href=\"https:\/\/cero2050.es\/en\/contact\/\" \/>\n<meta property=\"og:locale\" content=\"en_GB\" \/>\n<meta property=\"og:type\" content=\"article\" \/>\n<meta property=\"og:title\" content=\"Contacto - cero 2050\" \/>\n<meta property=\"og:description\" content=\"CONTACTA CON La web cero250.es ha sido desarrollada en el marco de proyecto CORE LNGas Hive, liderado por Puertos del Estado y cofinanciado con fondos del programa CEF-T de la Uni\u00f3n Europea. Para mas informaci\u00f3n sobre el estado del proyecto contacta info@cero2050.es o env\u00edanos una comentario a trav\u00e9s de este formulario: ENVIAR CONTACTOS: info@cero2050.es OFICINAS &hellip;\" \/>\n<meta property=\"og:url\" content=\"https:\/\/cero2050.es\/en\/contact\/\" \/>\n<meta property=\"og:site_name\" content=\"cero 2050\" \/>\n<meta property=\"article:modified_time\" content=\"2025-08-22T20:44:55+00:00\" \/>\n<meta property=\"og:image\" content=\"https:\/\/cero2050.es\/wp-content\/uploads\/2021\/11\/q8u1ygbarqk.jpg\" \/>\n\t<meta property=\"og:image:width\" content=\"1600\" \/>\n\t<meta property=\"og:image:height\" content=\"1067\" \/>\n\t<meta property=\"og:image:type\" content=\"image\/jpeg\" \/>\n<meta name=\"twitter:card\" content=\"summary_large_image\" \/>\n<meta name=\"twitter:label1\" content=\"Estimated reading time\" \/>\n\t<meta name=\"twitter:data1\" content=\"1 minute\" \/>\n<script type=\"application\/ld+json\" class=\"yoast-schema-graph\">{\"@context\":\"https:\/\/schema.org\",\"@graph\":[{\"@type\":\"WebPage\",\"@id\":\"https:\/\/cero2050.es\/en\/contact\/\",\"url\":\"https:\/\/cero2050.es\/en\/contact\/\",\"name\":\"Contacto - cero 2050\",\"isPartOf\":{\"@id\":\"https:\/\/cero2050.es\/es\/#website\"},\"primaryImageOfPage\":{\"@id\":\"https:\/\/cero2050.es\/en\/contact\/#primaryimage\"},\"image\":{\"@id\":\"https:\/\/cero2050.es\/en\/contact\/#primaryimage\"},\"thumbnailUrl\":\"https:\/\/cero2050.es\/wp-content\/uploads\/2021\/11\/q8u1ygbarqk.jpg\",\"datePublished\":\"2020-07-20T21:46:07+00:00\",\"dateModified\":\"2025-08-22T20:44:55+00:00\",\"breadcrumb\":{\"@id\":\"https:\/\/cero2050.es\/en\/contact\/#breadcrumb\"},\"inLanguage\":\"en-GB\",\"potentialAction\":[{\"@type\":\"ReadAction\",\"target\":[\"https:\/\/cero2050.es\/en\/contact\/\"]}]},{\"@type\":\"ImageObject\",\"inLanguage\":\"en-GB\",\"@id\":\"https:\/\/cero2050.es\/en\/contact\/#primaryimage\",\"url\":\"https:\/\/cero2050.es\/wp-content\/uploads\/2021\/11\/q8u1ygbarqk.jpg\",\"contentUrl\":\"https:\/\/cero2050.es\/wp-content\/uploads\/2021\/11\/q8u1ygbarqk.jpg\",\"width\":1600,\"height\":1067,\"caption\":\"person holding white Android smartphone in white shirt\"},{\"@type\":\"BreadcrumbList\",\"@id\":\"https:\/\/cero2050.es\/en\/contact\/#breadcrumb\",\"itemListElement\":[{\"@type\":\"ListItem\",\"position\":1,\"name\":\"Portada\",\"item\":\"https:\/\/cero2050.es\/es\/\"},{\"@type\":\"ListItem\",\"position\":2,\"name\":\"Contacto\"}]},{\"@type\":\"WebSite\",\"@id\":\"https:\/\/cero2050.es\/es\/#website\",\"url\":\"https:\/\/cero2050.es\/es\/\",\"name\":\"cero 2050\",\"description\":\"hacia las cero emisiones del transporte mar\u00edtimo en 2050\",\"publisher\":{\"@id\":\"https:\/\/cero2050.es\/es\/#organization\"},\"potentialAction\":[{\"@type\":\"SearchAction\",\"target\":{\"@type\":\"EntryPoint\",\"urlTemplate\":\"https:\/\/cero2050.es\/es\/?s={search_term_string}\"},\"query-input\":{\"@type\":\"PropertyValueSpecification\",\"valueRequired\":true,\"valueName\":\"search_term_string\"}}],\"inLanguage\":\"en-GB\"},{\"@type\":\"Organization\",\"@id\":\"https:\/\/cero2050.es\/es\/#organization\",\"name\":\"cero2050.es\",\"url\":\"https:\/\/cero2050.es\/es\/\",\"logo\":{\"@type\":\"ImageObject\",\"inLanguage\":\"en-GB\",\"@id\":\"https:\/\/cero2050.es\/es\/#\/schema\/logo\/image\/\",\"url\":\"https:\/\/cero2050.es\/wp-content\/uploads\/2021\/11\/cropped-zero2050-square.png\",\"contentUrl\":\"https:\/\/cero2050.es\/wp-content\/uploads\/2021\/11\/cropped-zero2050-square.png\",\"width\":512,\"height\":512,\"caption\":\"cero2050.es\"},\"image\":{\"@id\":\"https:\/\/cero2050.es\/es\/#\/schema\/logo\/image\/\"}}]}<\/script>\n<!-- \/ Yoast SEO plugin. -->","yoast_head_json":{"title":"Contact - cero 2050","robots":{"index":"index","follow":"follow","max-snippet":"max-snippet:-1","max-image-preview":"max-image-preview:large","max-video-preview":"max-video-preview:-1"},"canonical":"https:\/\/cero2050.es\/en\/contact\/","og_locale":"en_GB","og_type":"article","og_title":"Contacto - cero 2050","og_description":"CONTACTA CON La web cero250.es ha sido desarrollada en el marco de proyecto CORE LNGas Hive, liderado por Puertos del Estado y cofinanciado con fondos del programa CEF-T de la Uni\u00f3n Europea. Para mas informaci\u00f3n sobre el estado del proyecto contacta info@cero2050.es o env\u00edanos una comentario a trav\u00e9s de este formulario: ENVIAR CONTACTOS: info@cero2050.es OFICINAS &hellip;","og_url":"https:\/\/cero2050.es\/en\/contact\/","og_site_name":"cero 2050","article_modified_time":"2025-08-22T20:44:55+00:00","og_image":[{"width":1600,"height":1067,"url":"https:\/\/cero2050.es\/wp-content\/uploads\/2021\/11\/q8u1ygbarqk.jpg","type":"image\/jpeg"}],"twitter_card":"summary_large_image","twitter_misc":{"Estimated reading time":"1 minute"},"schema":{"@context":"https:\/\/schema.org","@graph":[{"@type":"WebPage","@id":"https:\/\/cero2050.es\/en\/contact\/","url":"https:\/\/cero2050.es\/en\/contact\/","name":"Contact - cero 2050","isPartOf":{"@id":"https:\/\/cero2050.es\/es\/#website"},"primaryImageOfPage":{"@id":"https:\/\/cero2050.es\/en\/contact\/#primaryimage"},"image":{"@id":"https:\/\/cero2050.es\/en\/contact\/#primaryimage"},"thumbnailUrl":"https:\/\/cero2050.es\/wp-content\/uploads\/2021\/11\/q8u1ygbarqk.jpg","datePublished":"2020-07-20T21:46:07+00:00","dateModified":"2025-08-22T20:44:55+00:00","breadcrumb":{"@id":"https:\/\/cero2050.es\/en\/contact\/#breadcrumb"},"inLanguage":"en-GB","potentialAction":[{"@type":"ReadAction","target":["https:\/\/cero2050.es\/en\/contact\/"]}]},{"@type":"ImageObject","inLanguage":"en-GB","@id":"https:\/\/cero2050.es\/en\/contact\/#primaryimage","url":"https:\/\/cero2050.es\/wp-content\/uploads\/2021\/11\/q8u1ygbarqk.jpg","contentUrl":"https:\/\/cero2050.es\/wp-content\/uploads\/2021\/11\/q8u1ygbarqk.jpg","width":1600,"height":1067,"caption":"person holding white Android smartphone in white shirt"},{"@type":"BreadcrumbList","@id":"https:\/\/cero2050.es\/en\/contact\/#breadcrumb","itemListElement":[{"@type":"ListItem","position":1,"name":"Portada","item":"https:\/\/cero2050.es\/es\/"},{"@type":"ListItem","position":2,"name":"Contacto"}]},{"@type":"WebSite","@id":"https:\/\/cero2050.es\/es\/#website","url":"https:\/\/cero2050.es\/es\/","name":"cero 2050","description":"towards zero emissions from shipping by 2050","publisher":{"@id":"https:\/\/cero2050.es\/es\/#organization"},"potentialAction":[{"@type":"SearchAction","target":{"@type":"EntryPoint","urlTemplate":"https:\/\/cero2050.es\/es\/?s={search_term_string}"},"query-input":{"@type":"PropertyValueSpecification","valueRequired":true,"valueName":"search_term_string"}}],"inLanguage":"en-GB"},{"@type":"Organization","@id":"https:\/\/cero2050.es\/es\/#organization","name":"zero2050.es","url":"https:\/\/cero2050.es\/es\/","logo":{"@type":"ImageObject","inLanguage":"en-GB","@id":"https:\/\/cero2050.es\/es\/#\/schema\/logo\/image\/","url":"https:\/\/cero2050.es\/wp-content\/uploads\/2021\/11\/cropped-zero2050-square.png","contentUrl":"https:\/\/cero2050.es\/wp-content\/uploads\/2021\/11\/cropped-zero2050-square.png","width":512,"height":512,"caption":"cero2050.es"},"image":{"@id":"https:\/\/cero2050.es\/es\/#\/schema\/logo\/image\/"}}]}},"_links":{"self":[{"href":"https:\/\/cero2050.es\/en\/wp-json\/wp\/v2\/pages\/14","targetHints":{"allow":["GET"]}}],"collection":[{"href":"https:\/\/cero2050.es\/en\/wp-json\/wp\/v2\/pages"}],"about":[{"href":"https:\/\/cero2050.es\/en\/wp-json\/wp\/v2\/types\/page"}],"author":[{"embeddable":true,"href":"https:\/\/cero2050.es\/en\/wp-json\/wp\/v2\/users\/1"}],"replies":[{"embeddable":true,"href":"https:\/\/cero2050.es\/en\/wp-json\/wp\/v2\/comments?post=14"}],"version-history":[{"count":0,"href":"https:\/\/cero2050.es\/en\/wp-json\/wp\/v2\/pages\/14\/revisions"}],"wp:featuredmedia":[{"embeddable":true,"href":"https:\/\/cero2050.es\/en\/wp-json\/wp\/v2\/media\/69001"}],"wp:attachment":[{"href":"https:\/\/cero2050.es\/en\/wp-json\/wp\/v2\/media?parent=14"}],"curies":[{"name":"wp","href":"https:\/\/api.w.org\/{rel}","templated":true}]}}