{"id":27023,"date":"2020-10-07T22:51:15","date_gmt":"2020-10-07T21:51:15","guid":{"rendered":"https:\/\/cero2050.es\/?page_id=27023"},"modified":"2025-08-22T21:44:56","modified_gmt":"2025-08-22T20:44:56","slug":"hive","status":"publish","type":"page","link":"https:\/\/cero2050.es\/en\/projects\/hive\/","title":{"rendered":"Hive project"},"content":{"rendered":"<div class=\"brz-root__container brz-reset-all brz\">\n<section id=\"qqmsxauvgfzhkusoqegsqneauskrswuywqea\" class=\"brz-section brz-css-rbb2N\">\n<div class=\"brz-section__content brz-section--boxed brz-css-uRzfg brz-css-uxzVP\" data-brz-custom-id=\"vscytonxpdjrhxlyqnoqjketrrmcqlgsxleb\">\n<div class=\"brz-container brz-css-rS9HZ\">\n<div id=\"\" class=\"brz-css-nZaFn brz-css-im3fV brz-wrapper\">\n<div class=\"brz-image brz-css-gHjWg\" data-brz-custom-id=\"qwpabsxfmywrxoxxdwnkrhywgcuommuiqqiq\"><img decoding=\"async\" class=\"brz-img\" src=\"https:\/\/cero2050.es\/wp-content\/uploads\/brizy\/imgs\/hive2-banner-1170x144x0x0x1170x144x1639421672.png\" alt=\"\" loading=\"lazy\"><\/div>\n<\/div>\n<\/div>\n<\/div>\n<\/section>\n<section id=\"sitajyytcmxzigrjreswgfbmjuepwenatabr\" class=\"brz-section brz-css-rbb2N\">\n<div class=\"brz-section__content brz-section--boxed brz-css-uRzfg brz-css-aYBpG\" data-brz-custom-id=\"blgmkhhurqhtocvsrhppdqqpjskrjezkjobb\">\n<div class=\"brz-container brz-css-rS9HZ\">\n<div class=\"brz-row__container brz-css-kU3mI\" data-brz-custom-id=\"plzhjiillyhpnsjnwibnoppgbrayxzkheycd\">\n<div class=\"brz-bg\"><\/div>\n<div class=\"brz-row brz-css-wmbx2\">\n<div class=\"brz-columns brz-css-wgAho brz-css-uk_5d\" data-brz-custom-id=\"jpacfvjvpmdtbslrdbdtqfvllaynwjtelfrt\">\n<div class=\"brz-bg\"><\/div>\n<div class=\"brz-column__items brz-css-qaqlL\">\n<div id=\"\" class=\"brz-css-nZaFn brz-css-q9e_O brz-wrapper\">\n<div class=\"brz-image brz-css-yXgPU\" data-brz-custom-id=\"fabkfkmdfjslbzondxrbbowajjltjijkmtrl\"><img decoding=\"async\" class=\"brz-img\" src=\"https:\/\/cero2050.es\/wp-content\/uploads\/brizy\/imgs\/lnglogo-1-346x116x24x0x298x116x1631614954.jpg\" alt=\"\" loading=\"lazy\"><\/div>\n<\/div>\n<div id=\"\" class=\"brz-css-nZaFn brz-css-atKrU brz-wrapper\">\n<div class=\"brz-spacer brz-css-kGx8y brz-css-uKZP2\"><\/div>\n<\/div>\n<\/div>\n<\/div>\n<div class=\"brz-columns brz-css-wgAho brz-css-tNYUz\" data-brz-custom-id=\"wpcwwkkaaxozutwczziynrecteybedyeamcb\">\n<div class=\"brz-bg\"><\/div>\n<div class=\"brz-column__items brz-css-qaqlL\">\n<div id=\"\" class=\"brz-css-nZaFn brz-wrapper\">\n<div class=\"brz-icon-text brz-css-oVO6j\" data-brz-custom-id=\"hklhkdvgurygpialxlpppocygshbzbsxvqcn\">\n<div class=\"brz-icon__container\" data-brz-custom-id=\"oojjehnfiadqsjmlgieksyivjjvohlrpfhhx\"><a class=\"brz-a\" href=\"https:\/\/lnghive.com\/mapa-proyectos\/\" target=\"_self\" rel=\"noopener\" data-brz-link-type=\"external\"><span class=\"brz-icon brz-span brz-css-t3gx_\"><\/span><\/a><\/div>\n<div class=\"brz-text-btn\">\n<div class=\"brz-rich-text brz-rich-text__custom brz-css-osGj_\" data-brz-custom-id=\"pvmmhzzelgcgbfivplkbriygggbgczzyiupv\">\n<div data-brz-translate-text=\"1\">\n<h3 data-uniq-id=\"nfxup\" data-generated-css=\"brz-css-nucad\" class=\"brz-tp-lg-iawilzcuzehrsimgaycsscjdyhwksgcgkzre brz-css-u14Yp\"><span class=\"brz-cp-color2\">The hive2 projects are a continuation of the &#039;hive2&#039; institutional strategy that supports the deployment of LNG supply points in ports and the development of the associated market, promoted in Spain by the Ministry of Transport, Mobility and Urban Agenda through Puertos del Estado and with public-private participation.<\/span><\/h3>\n<\/div>\n<\/div>\n<div class=\"brz-wrapper-clone brz-css-xgyOi\">\n<div class=\"brz-d-xs-flex brz-flex-xs-wrap brz-css-r24S9 brz-css-woBQ4\" data-brz-custom-id=\"\">\n<div class=\"brz-wrapper-clone__item\" id=\"mlokkhakxndiidxshdfgoqbznqfuvudpuaiq\"><a class=\"brz-a brz-btn brz-css-r22WT brz-css-qPajJ\" href=\"https:\/\/lnghive.com\/mapa-proyectos\/\" target=\"_blank\" rel=\"noopener\" data-brz-link-type=\"external\" data-brz-custom-id=\"mlokkhakxndiidxshdfgoqbznqfuvudpuaiq\"><span data-brz-translate-text=\"1\" class=\"brz-span brz-text__editor\">Hive2 PROJECTS<\/span><\/a><\/div>\n<\/div>\n<\/div>\n<\/div>\n<\/div>\n<\/div>\n<div id=\"\" class=\"brz-css-nZaFn brz-css-atKrU brz-wrapper\">\n<div class=\"brz-spacer brz-css-kGx8y brz-css-euTDG\"><\/div>\n<\/div>\n<div id=\"\" class=\"brz-css-nZaFn brz-wrapper\">\n<div class=\"brz-icon-text brz-css-oVO6j\" data-brz-custom-id=\"cuonwtgckxokwyofpzltvqqhzlrudummcbjz\">\n<div class=\"brz-icon__container\" data-brz-custom-id=\"vcodqxrkjgqiazizprxyqflftrwetrntnkah\"><a class=\"brz-a\" href=\"..\/hive2-posicionamiento\" target=\"_self\" rel=\"noopener\" data-brz-link-type=\"external\"><span class=\"brz-icon brz-span brz-css-t3gx_\"><\/span><\/a><\/div>\n<div class=\"brz-text-btn\">\n<div class=\"brz-rich-text brz-rich-text__custom brz-css-osGj_\" data-brz-custom-id=\"pzrallcsihnlmnygazhvgfuepiqpekimwfkk\">\n<div data-brz-translate-text=\"1\">\n<h5 data-uniq-id=\"hcltn\" data-generated-css=\"brz-css-liopn\" class=\"brz-tp-lg-iawilzcuzehrsimgaycsscjdyhwksgcgkzre brz-css-gMsfN\"><span class=\"brz-cp-color2\">The hive2 proposal pursues the deployment of renewable gas supply infrastructures and services for maritime transport in Spain. The project has developed a <\/span><a class=\"link--external brz-cp-color2\" href=\"#demanda\" data-brz-link-type=\"external\">LNG demand estimate<\/a><span class=\"brz-cp-color2\"> for Spain and a forecast of investment in infrastructures to be deployed in the 2020-2050 horizon.<\/span><\/h5>\n<h5 class=\"brz-tp-lg-iawilzcuzehrsimgaycsscjdyhwksgcgkzre brz-css-aJT8u\" data-generated-css=\"brz-css-afmul\" data-uniq-id=\"kinde\"><\/h5>\n<\/div>\n<\/div>\n<div class=\"brz-wrapper-clone brz-css-xgyOi\">\n<div class=\"brz-d-xs-flex brz-flex-xs-wrap brz-css-r24S9 brz-css-kA_qm\" data-brz-custom-id=\"\">\n<div class=\"brz-wrapper-clone__item\" id=\"mrykmwnqjbdmktxxltcjxgzjhjmhlhvdgatd\"><a class=\"brz-a brz-btn brz-css-r22WT brz-css-fkeNk\" href=\"..\/hive2-posicionamiento\" target=\"_blank\" rel=\"noopener\" data-brz-link-type=\"external\" data-brz-custom-id=\"mrykmwnqjbdmktxxltcjxgzjhjmhlhvdgatd\"><span data-brz-translate-text=\"1\" class=\"brz-span brz-text__editor\">Hive2 positioning<\/span><\/a><\/div>\n<\/div>\n<\/div>\n<\/div>\n<\/div>\n<\/div>\n<\/div>\n<\/div>\n<div class=\"brz-columns brz-css-wgAho brz-css-ywKaX\" data-brz-custom-id=\"ytgwezarmvzgaztmztlfotywoqyhlfslnmpk\">\n<div class=\"brz-bg\"><\/div>\n<div class=\"brz-column__items brz-css-qaqlL\">\n<div id=\"\" class=\"brz-css-nZaFn brz-wrapper\">\n<div class=\"brz-rich-text brz-rich-text__custom brz-css-osGj_\" data-brz-custom-id=\"bmrwkwosmtjhzwwnuqrjpnpzdzdcxeopkcfm\">\n<div data-brz-translate-text=\"1\">\n<p class=\"brz-text-lg-left brz-tp-subtitle brz-css-sxiMp\"><\/p>\n<\/div>\n<\/div>\n<\/div>\n<\/div>\n<\/div>\n<\/div>\n<\/div>\n<div id=\"\" class=\"brz-css-nZaFn brz-css-atKrU brz-css-oIbt4 brz-wrapper\">\n<div class=\"brz-spacer brz-css-kGx8y brz-css-kiRUW\"><\/div>\n<\/div>\n<\/div>\n<\/div>\n<\/section>\n<section id=\"demanda\" class=\"brz-section brz-css-rbb2N brz-css-wUJCh\">\n<div class=\"brz-section__content brz-section--boxed brz-css-uRzfg brz-css-oO2Zm\" data-brz-custom-id=\"hoyccexkqylqhfbuzldenlcrdjpwmlocwkpo\">\n<div class=\"brz-container brz-css-rS9HZ\">\n<div class=\"brz-row__container brz-css-kU3mI\" data-brz-custom-id=\"qfxrcsqconathjsznixssgrvfmvrtpupocsz\">\n<div class=\"brz-bg\"><\/div>\n<div class=\"brz-row brz-css-wmbx2\">\n<div class=\"brz-columns brz-css-wgAho brz-css-fHr16\" data-brz-custom-id=\"iqcqgabkuwryztguyidvtfcizesgogajmmrt\">\n<div class=\"brz-bg\"><\/div>\n<div class=\"brz-column__items brz-css-qaqlL\">\n<div id=\"\" class=\"brz-css-nZaFn brz-css-atKrU brz-wrapper\">\n<div class=\"brz-spacer brz-css-kGx8y\"><\/div>\n<\/div>\n<\/div>\n<\/div>\n<div class=\"brz-columns brz-css-wgAho brz-css-tvm_m\" data-brz-custom-id=\"nhehrubtfrmmjngfuydvzczaatxfngsykyzw\">\n<div class=\"brz-bg\"><\/div>\n<div class=\"brz-column__items brz-css-qaqlL brz-css-rrAD3\">\n<div id=\"\" class=\"brz-css-nZaFn brz-wrapper\">\n<div class=\"brz-rich-text brz-rich-text__custom brz-css-osGj_\" data-brz-custom-id=\"pjhyltuowaqgoaevtlomjrnabrbnntjxwdwv\">\n<div data-brz-translate-text=\"1\">\n<p data-generated-css=\"brz-css-wqxyl\" data-uniq-id=\"cgxyn\" class=\"brz-fss-lg-px brz-fw-lg-500 brz-ls-lg-0 brz-lh-lg-1_5 brz-tp-lg-empty brz-ff-montserrat brz-ft-google brz-fs-lg-16 brz-css-uWx9j\"><span>Demand hive2 <\/span><\/p>\n<\/div>\n<\/div>\n<\/div>\n<div id=\"\" class=\"brz-css-nZaFn brz-css-kz2xP brz-wrapper\">\n<div class=\"brz-line brz-line-default brz-css-vutiQ brz-css-dUQW5\" data-brz-custom-id=\"lesbulofdcelchhbsclmsiganyzutvfmlszm\">\n<hr class=\"brz-hr\"><\/div>\n<\/div>\n<\/div>\n<\/div>\n<\/div>\n<\/div>\n<div id=\"\" class=\"brz-css-nZaFn brz-css-kjcJW brz-wrapper\">\n<div class=\"brz-embed-code brz-css-tBN76\" data-brz-custom-id=\"kqjoswjekubnsxozcgpnznludnxzidfobjxh\">\n<div class=\"brz-embed-content\">\n<div><div id=\"powerbi-embedded-5770\" style=\"height: 600px; width: 100%;\"><\/div><\/div>\n<\/div>\n<\/div>\n<\/div>\n<\/div>\n<\/div>\n<\/section>\n<section id=\"oznpncvayxrtqszgwygbjvsuvyxkkmpisjrs\" class=\"brz-section brz-css-rbb2N brz-css-leUJg\">\n<div class=\"brz-section__content brz-section--boxed brz-css-uRzfg brz-css-ceyiC\" data-brz-custom-id=\"ituqllpenokxpibvekjclcpsehiujkgastlp\">\n<div class=\"brz-bg\">\n<div class=\"brz-bg-color\"><\/div>\n<\/div>\n<div class=\"brz-container brz-css-rS9HZ\"><\/div>\n<\/div>\n<\/section>\n<\/div>\n<p>    <!-- version:1724497909 --><\/p>","protected":false},"excerpt":{"rendered":"<p>The hive2 projects are a continuation of the institutional strategy &#039;hive2&#039; that supports the deployment of LNG supply points in ports and the development of the associated market, promoted in Spain by the Ministry of Transport, Mobility and Urban Agenda through Puertos del Estado and with public-private participation. hive2 PROJECTS The hive2 proposal aims at the deployment of infrastructures and services \u2026<\/p>","protected":false},"author":2,"featured_media":0,"parent":5121,"menu_order":0,"comment_status":"closed","ping_status":"closed","template":"brizy-blank-template.php","meta":{"footnotes":""},"class_list":["post-27023","page","type-page","status-publish","hentry"],"yoast_head":"<!-- This site is optimized with the Yoast SEO plugin v23.4 - https:\/\/yoast.com\/wordpress\/plugins\/seo\/ -->\n<title>Proyecto Hive - cero 2050<\/title>\n<meta name=\"robots\" content=\"index, follow, max-snippet:-1, max-image-preview:large, max-video-preview:-1\" \/>\n<link rel=\"canonical\" href=\"https:\/\/cero2050.es\/en\/projects\/hive\/\" \/>\n<meta property=\"og:locale\" content=\"en_GB\" \/>\n<meta property=\"og:type\" content=\"article\" \/>\n<meta property=\"og:title\" content=\"Proyecto Hive - cero 2050\" \/>\n<meta property=\"og:description\" content=\"Los proyectos hive2 son continuaci\u00f3n de estrategia institucional&nbsp;\u2018hive2&#8242;&nbsp;que apoya el despliegue de puntos de suministro de GNL en puertos y de desarrollo del mercado asociado, promovida en Espa\u00f1a por el Ministerio de&nbsp;Transportes, Movilidad y Agenda Urbana&nbsp;a trav\u00e9s de&nbsp;Puertos del Estado&nbsp;y con participaci\u00f3n p\u00fablico-privada. PROYECTOS hive2 La propuesta hive2 persigue el despliegue de infraestructuras y servicios &hellip;\" \/>\n<meta property=\"og:url\" content=\"https:\/\/cero2050.es\/en\/projects\/hive\/\" \/>\n<meta property=\"og:site_name\" content=\"cero 2050\" \/>\n<meta property=\"article:modified_time\" content=\"2025-08-22T20:44:56+00:00\" \/>\n<meta property=\"og:image\" content=\"https:\/\/cero2050.es\/wp-content\/uploads\/brizy\/imgs\/hive2-banner-1170x144x0x0x1170x144x1639421672.png\" \/>\n<meta name=\"twitter:card\" content=\"summary_large_image\" \/>\n<meta name=\"twitter:label1\" content=\"Estimated reading time\" \/>\n\t<meta name=\"twitter:data1\" content=\"1 minute\" \/>\n<script type=\"application\/ld+json\" class=\"yoast-schema-graph\">{\"@context\":\"https:\/\/schema.org\",\"@graph\":[{\"@type\":\"WebPage\",\"@id\":\"https:\/\/cero2050.es\/en\/projects\/hive\/\",\"url\":\"https:\/\/cero2050.es\/en\/projects\/hive\/\",\"name\":\"Proyecto Hive - cero 2050\",\"isPartOf\":{\"@id\":\"https:\/\/cero2050.es\/es\/#website\"},\"primaryImageOfPage\":{\"@id\":\"https:\/\/cero2050.es\/en\/projects\/hive\/#primaryimage\"},\"image\":{\"@id\":\"https:\/\/cero2050.es\/en\/projects\/hive\/#primaryimage\"},\"thumbnailUrl\":\"https:\/\/cero2050.es\/wp-content\/uploads\/brizy\/imgs\/hive2-banner-1170x144x0x0x1170x144x1639421672.png\",\"datePublished\":\"2020-10-07T21:51:15+00:00\",\"dateModified\":\"2025-08-22T20:44:56+00:00\",\"breadcrumb\":{\"@id\":\"https:\/\/cero2050.es\/en\/projects\/hive\/#breadcrumb\"},\"inLanguage\":\"en-GB\",\"potentialAction\":[{\"@type\":\"ReadAction\",\"target\":[\"https:\/\/cero2050.es\/en\/projects\/hive\/\"]}]},{\"@type\":\"ImageObject\",\"inLanguage\":\"en-GB\",\"@id\":\"https:\/\/cero2050.es\/en\/projects\/hive\/#primaryimage\",\"url\":\"https:\/\/cero2050.es\/wp-content\/uploads\/brizy\/imgs\/hive2-banner-1170x144x0x0x1170x144x1639421672.png\",\"contentUrl\":\"https:\/\/cero2050.es\/wp-content\/uploads\/brizy\/imgs\/hive2-banner-1170x144x0x0x1170x144x1639421672.png\"},{\"@type\":\"BreadcrumbList\",\"@id\":\"https:\/\/cero2050.es\/en\/projects\/hive\/#breadcrumb\",\"itemListElement\":[{\"@type\":\"ListItem\",\"position\":1,\"name\":\"Portada\",\"item\":\"https:\/\/cero2050.es\/es\/\"},{\"@type\":\"ListItem\",\"position\":2,\"name\":\"Proyectos\",\"item\":\"https:\/\/cero2050.es\/es\/proyectos\/\"},{\"@type\":\"ListItem\",\"position\":3,\"name\":\"Proyecto Hive\"}]},{\"@type\":\"WebSite\",\"@id\":\"https:\/\/cero2050.es\/es\/#website\",\"url\":\"https:\/\/cero2050.es\/es\/\",\"name\":\"cero 2050\",\"description\":\"hacia las cero emisiones del transporte mar\u00edtimo en 2050\",\"publisher\":{\"@id\":\"https:\/\/cero2050.es\/es\/#organization\"},\"potentialAction\":[{\"@type\":\"SearchAction\",\"target\":{\"@type\":\"EntryPoint\",\"urlTemplate\":\"https:\/\/cero2050.es\/es\/?s={search_term_string}\"},\"query-input\":{\"@type\":\"PropertyValueSpecification\",\"valueRequired\":true,\"valueName\":\"search_term_string\"}}],\"inLanguage\":\"en-GB\"},{\"@type\":\"Organization\",\"@id\":\"https:\/\/cero2050.es\/es\/#organization\",\"name\":\"cero2050.es\",\"url\":\"https:\/\/cero2050.es\/es\/\",\"logo\":{\"@type\":\"ImageObject\",\"inLanguage\":\"en-GB\",\"@id\":\"https:\/\/cero2050.es\/es\/#\/schema\/logo\/image\/\",\"url\":\"https:\/\/cero2050.es\/wp-content\/uploads\/2021\/11\/cropped-zero2050-square.png\",\"contentUrl\":\"https:\/\/cero2050.es\/wp-content\/uploads\/2021\/11\/cropped-zero2050-square.png\",\"width\":512,\"height\":512,\"caption\":\"cero2050.es\"},\"image\":{\"@id\":\"https:\/\/cero2050.es\/es\/#\/schema\/logo\/image\/\"}}]}<\/script>\n<!-- \/ Yoast SEO plugin. -->","yoast_head_json":{"title":"Project Hive - Zero 2050","robots":{"index":"index","follow":"follow","max-snippet":"max-snippet:-1","max-image-preview":"max-image-preview:large","max-video-preview":"max-video-preview:-1"},"canonical":"https:\/\/cero2050.es\/en\/projects\/hive\/","og_locale":"en_GB","og_type":"article","og_title":"Proyecto Hive - cero 2050","og_description":"Los proyectos hive2 son continuaci\u00f3n de estrategia institucional&nbsp;\u2018hive2&#8242;&nbsp;que apoya el despliegue de puntos de suministro de GNL en puertos y de desarrollo del mercado asociado, promovida en Espa\u00f1a por el Ministerio de&nbsp;Transportes, Movilidad y Agenda Urbana&nbsp;a trav\u00e9s de&nbsp;Puertos del Estado&nbsp;y con participaci\u00f3n p\u00fablico-privada. PROYECTOS hive2 La propuesta hive2 persigue el despliegue de infraestructuras y servicios &hellip;","og_url":"https:\/\/cero2050.es\/en\/projects\/hive\/","og_site_name":"cero 2050","article_modified_time":"2025-08-22T20:44:56+00:00","og_image":[{"url":"https:\/\/cero2050.es\/wp-content\/uploads\/brizy\/imgs\/hive2-banner-1170x144x0x0x1170x144x1639421672.png"}],"twitter_card":"summary_large_image","twitter_misc":{"Estimated reading time":"1 minute"},"schema":{"@context":"https:\/\/schema.org","@graph":[{"@type":"WebPage","@id":"https:\/\/cero2050.es\/en\/projects\/hive\/","url":"https:\/\/cero2050.es\/en\/projects\/hive\/","name":"Project Hive - Zero 2050","isPartOf":{"@id":"https:\/\/cero2050.es\/es\/#website"},"primaryImageOfPage":{"@id":"https:\/\/cero2050.es\/en\/projects\/hive\/#primaryimage"},"image":{"@id":"https:\/\/cero2050.es\/en\/projects\/hive\/#primaryimage"},"thumbnailUrl":"https:\/\/cero2050.es\/wp-content\/uploads\/brizy\/imgs\/hive2-banner-1170x144x0x0x1170x144x1639421672.png","datePublished":"2020-10-07T21:51:15+00:00","dateModified":"2025-08-22T20:44:56+00:00","breadcrumb":{"@id":"https:\/\/cero2050.es\/en\/projects\/hive\/#breadcrumb"},"inLanguage":"en-GB","potentialAction":[{"@type":"ReadAction","target":["https:\/\/cero2050.es\/en\/projects\/hive\/"]}]},{"@type":"ImageObject","inLanguage":"en-GB","@id":"https:\/\/cero2050.es\/en\/projects\/hive\/#primaryimage","url":"https:\/\/cero2050.es\/wp-content\/uploads\/brizy\/imgs\/hive2-banner-1170x144x0x0x1170x144x1639421672.png","contentUrl":"https:\/\/cero2050.es\/wp-content\/uploads\/brizy\/imgs\/hive2-banner-1170x144x0x0x1170x144x1639421672.png"},{"@type":"BreadcrumbList","@id":"https:\/\/cero2050.es\/en\/projects\/hive\/#breadcrumb","itemListElement":[{"@type":"ListItem","position":1,"name":"Portada","item":"https:\/\/cero2050.es\/es\/"},{"@type":"ListItem","position":2,"name":"Proyectos","item":"https:\/\/cero2050.es\/es\/proyectos\/"},{"@type":"ListItem","position":3,"name":"Proyecto Hive"}]},{"@type":"WebSite","@id":"https:\/\/cero2050.es\/es\/#website","url":"https:\/\/cero2050.es\/es\/","name":"cero 2050","description":"towards zero emissions from shipping by 2050","publisher":{"@id":"https:\/\/cero2050.es\/es\/#organization"},"potentialAction":[{"@type":"SearchAction","target":{"@type":"EntryPoint","urlTemplate":"https:\/\/cero2050.es\/es\/?s={search_term_string}"},"query-input":{"@type":"PropertyValueSpecification","valueRequired":true,"valueName":"search_term_string"}}],"inLanguage":"en-GB"},{"@type":"Organization","@id":"https:\/\/cero2050.es\/es\/#organization","name":"zero2050.es","url":"https:\/\/cero2050.es\/es\/","logo":{"@type":"ImageObject","inLanguage":"en-GB","@id":"https:\/\/cero2050.es\/es\/#\/schema\/logo\/image\/","url":"https:\/\/cero2050.es\/wp-content\/uploads\/2021\/11\/cropped-zero2050-square.png","contentUrl":"https:\/\/cero2050.es\/wp-content\/uploads\/2021\/11\/cropped-zero2050-square.png","width":512,"height":512,"caption":"cero2050.es"},"image":{"@id":"https:\/\/cero2050.es\/es\/#\/schema\/logo\/image\/"}}]}},"_links":{"self":[{"href":"https:\/\/cero2050.es\/en\/wp-json\/wp\/v2\/pages\/27023","targetHints":{"allow":["GET"]}}],"collection":[{"href":"https:\/\/cero2050.es\/en\/wp-json\/wp\/v2\/pages"}],"about":[{"href":"https:\/\/cero2050.es\/en\/wp-json\/wp\/v2\/types\/page"}],"author":[{"embeddable":true,"href":"https:\/\/cero2050.es\/en\/wp-json\/wp\/v2\/users\/2"}],"replies":[{"embeddable":true,"href":"https:\/\/cero2050.es\/en\/wp-json\/wp\/v2\/comments?post=27023"}],"version-history":[{"count":0,"href":"https:\/\/cero2050.es\/en\/wp-json\/wp\/v2\/pages\/27023\/revisions"}],"up":[{"embeddable":true,"href":"https:\/\/cero2050.es\/en\/wp-json\/wp\/v2\/pages\/5121"}],"wp:attachment":[{"href":"https:\/\/cero2050.es\/en\/wp-json\/wp\/v2\/media?parent=27023"}],"curies":[{"name":"wp","href":"https:\/\/api.w.org\/{rel}","templated":true}]}}