{"id":74678,"date":"2022-01-11T11:58:47","date_gmt":"2022-01-11T10:58:47","guid":{"rendered":"https:\/\/cero2050.es\/?page_id=74678"},"modified":"2025-08-22T19:50:23","modified_gmt":"2025-08-22T18:50:23","slug":"ahorro-emisiones-espana","status":"publish","type":"page","link":"https:\/\/cero2050.es\/en\/data\/mrv\/","title":{"rendered":"Emissions savings Spain"},"content":{"rendered":"<div class=\"brz-root__container brz-reset-all brz\">\n<section id=\"osdsyuyirryqwkjwynmlplvmoyioznrxgxbc\" class=\"brz-section brz-css-v5WNr\">\n<div class=\"brz-section__content brz-section--boxed brz-css-n1ZD0 brz-css-yOSKx\" data-brz-custom-id=\"rrlbwojkyaqdodpfpjyrmciwbhsjoaixyzgh\">\n<div class=\"brz-bg\">\n<div class=\"brz-bg-color\"><\/div>\n<\/div>\n<div class=\"brz-container brz-css-deGVL\">\n<div class=\"brz-row__container brz-css-vMlCd\" data-brz-custom-id=\"shbegrmtmqxqiwmvihgwmbzkexhwabdujklr\">\n<div class=\"brz-bg\"><\/div>\n<div class=\"brz-row brz-css-i3x4t brz-css-pJFmT\">\n<div class=\"brz-columns brz-css-aVjId brz-css-dSGlf\" data-brz-custom-id=\"rstvgwpbmqasmayysxkqhvkfpeshnfxbfwso\">\n<div class=\"brz-bg\"><\/div>\n<div class=\"brz-column__items brz-css-tTzZe\"><\/div>\n<\/div>\n<div class=\"brz-columns brz-css-aVjId brz-css-t1V2J\" data-brz-custom-id=\"cxlrdfzghxegyxgmbltbxmblxizwrwjrgrdq\">\n<div class=\"brz-bg\"><\/div>\n<div class=\"brz-column__items brz-css-tTzZe\">\n<div id=\"\" class=\"brz-css-f2Zwt brz-css-n0MDS brz-wrapper\">\n<div class=\"brz-rich-text brz-rich-text__custom brz-css-ge7wb\" data-brz-custom-id=\"nwcutmkvsifohzujmlhsujtpjyrlhgaumtqr\">\n<div data-brz-translate-text=\"1\">\n<p class=\"brz-fs-xs-12 brz-tp-xs-empty brz-lh-xs-1_3 brz-ls-xs-3 brz-fw-xs-500 brz-fss-xs-px brz-mt-lg-8 brz-mb-lg-0 brz-text-lg-center brz-fs-sm-26 brz-fss-sm-px brz-fw-sm-500 brz-ls-sm-m_0_5 brz-lh-sm-1_4 brz-tp-sm-empty brz-ff-montserrat brz-ft-google brz-fs-lg-24 brz-fss-lg-px brz-fw-lg-500 brz-ls-lg-2 brz-lh-lg-1_4 brz-tp-lg-empty brz-css-uaile\" data-generated-css=\"brz-css-ggzbl\" data-uniq-id=\"clnif\"><span class=\"brz-capitalize-on\">REDUCTION OF CO2 EMISSIONS THROUGH THE USE OF ALTERNATIVE FUELS SERVED IN SPANISH PORTS<\/span><\/p>\n<\/div>\n<\/div>\n<\/div>\n<\/div>\n<\/div>\n<div class=\"brz-columns brz-css-aVjId brz-css-sFa7i\" data-brz-custom-id=\"wawlotijkqspmtrvxzxkaqgohielhmncrvkx\">\n<div class=\"brz-bg\"><\/div>\n<div class=\"brz-column__items brz-css-tTzZe\"><\/div>\n<\/div>\n<\/div>\n<\/div>\n<div class=\"brz-row__container brz-css-vMlCd\" data-brz-custom-id=\"fkahdfifwgazvmfgcmrzvbhtntggppcafdic\">\n<div class=\"brz-bg\"><\/div>\n<div class=\"brz-row brz-css-i3x4t brz-css-fisQS\">\n<div class=\"brz-columns brz-css-aVjId brz-css-aViUY\" data-brz-custom-id=\"urujhvwkxdepogdvdvkhkjuhoujqywbfixxk\">\n<div class=\"brz-bg\"><\/div>\n<div class=\"brz-column__items brz-css-tTzZe brz-css-zK1dm\">\n<div id=\"\" class=\"brz-css-f2Zwt brz-css-lFSX0 brz-wrapper\">\n<div class=\"brz-embed-code brz-css-jNEaQ brz-css-dK80S\" data-brz-custom-id=\"pcmkvxgwfowrzlkvafhusvsamvfgsxkotjdo\">\n<div class=\"brz-embed-content\">\n<div><div id=\"powerbi-embedded-74712\" style=\"height: 700px; width: 100%;\"><\/div><\/div>\n<\/div>\n<\/div>\n<\/div>\n<\/div>\n<\/div>\n<\/div>\n<\/div>\n<\/div>\n<\/div>\n<\/section>\n<section id=\"edfqldwntfnaepazfklbpasueuguakvfpnjp\" class=\"brz-section brz-css-v5WNr brz-css-w3iCJ\">\n<div class=\"brz-section__content brz-section--boxed brz-css-n1ZD0 brz-css-cJ41o\" data-brz-custom-id=\"xhgghmzajxhcyizeetjitbjgyqtdwdagveow\">\n<div class=\"brz-container brz-css-deGVL\">\n<div id=\"\" class=\"brz-css-f2Zwt brz-css-s7dDQ brz-wrapper\">\n<div class=\"brz-line brz-line-default brz-css-q5vgI brz-css-q0hRq\" data-brz-custom-id=\"cpkeaewpxmnlotvdsukbevkvoweoojeszhln\">\n<hr class=\"brz-hr\"><\/div>\n<\/div>\n<div class=\"brz-row__container brz-css-vMlCd\" data-brz-custom-id=\"efaakxbytoirwybbibizvghroohttvadtwjd\">\n<div class=\"brz-bg\"><\/div>\n<div class=\"brz-row brz-css-i3x4t brz-css-fisQS\">\n<div class=\"brz-columns brz-css-aVjId brz-css-fCIVA\" data-brz-custom-id=\"keiojrrnissnkmoflbecwzhhvfijqszwofos\">\n<div class=\"brz-bg\"><\/div>\n<div class=\"brz-column__items brz-css-tTzZe\">\n<div id=\"\" class=\"brz-css-f2Zwt brz-css-ghJhC brz-wrapper\">\n<div class=\"brz-rich-text brz-rich-text__custom brz-css-ge7wb\" data-brz-custom-id=\"osftpdvxkgqyqpjxdscccwxrejlbhmhzxfts\">\n<div data-brz-translate-text=\"1\">\n<p class=\"brz-tp-lg-heading6 brz-css-xHF0f\" data-generated-css=\"brz-css-uuzrx\" data-uniq-id=\"udypb\"><span class=\"brz-cp-color2\">Sphera \/ Thinkstep 2nd Life cycle GHG emissions study on the use of LNG as marine fuel<\/span><\/p>\n<p class=\"brz-tp-lg-paragraph brz-css-rmr4a\" data-generated-css=\"brz-css-uwart\" data-uniq-id=\"rbavo\"><span class=\"brz-cp-color7\"> <\/span><\/p>\n<p class=\"brz-tp-lg-paragraph brz-css-jVOcg\" data-generated-css=\"brz-css-fjamw\" data-uniq-id=\"hiutv\"><span style=\"background-color: initial\">This recently published document is the main reference used for the assessment<\/span><span style=\"background-color: initial\"> of the emission savings resulting from the consumption of LNG as marine fuel in the different types of ships that have been supplied in Spanish ports. Using a methodology <\/span><strong style=\"background-color: initial\"><em>well-to-tank<\/em> <\/strong><span style=\"background-color: initial\">and classifying the different types of engines available on the market, the document provides characterized and normalized emission factors in terms of energy -see tables 6.1 to 6.3-.<\/span><\/p>\n<\/div>\n<\/div>\n<\/div>\n<\/div>\n<\/div>\n<\/div>\n<\/div>\n<\/div>\n<\/div>\n<\/section>\n<\/div>\n<p>    <!-- version:1724496946 --><\/p>","protected":false},"excerpt":{"rendered":"<p>REDUCTION OF CO2 EMISSIONS DUE TO THE USE OF ALTERNATIVE FUELS SERVED IN SPANISH PORTS Sphera\/Thinkstep 2nd Life cycle GHG emissions study on the use of LNG as marine fuel This recently published document is the main reference used to assess the emission savings that supposes the consumption of LNG as fuel\u2026<\/p>","protected":false},"author":2,"featured_media":24744,"parent":4103,"menu_order":0,"comment_status":"closed","ping_status":"closed","template":"brizy-blank-template.php","meta":{"footnotes":""},"class_list":["post-74678","page","type-page","status-publish","has-post-thumbnail","hentry"],"yoast_head":"<!-- This site is optimized with the Yoast SEO plugin v23.4 - https:\/\/yoast.com\/wordpress\/plugins\/seo\/ -->\n<title>Ahorro emisiones Espa\u00f1a - cero 2050<\/title>\n<meta name=\"robots\" content=\"index, follow, max-snippet:-1, max-image-preview:large, max-video-preview:-1\" \/>\n<link rel=\"canonical\" href=\"https:\/\/cero2050.es\/en\/data\/mrv\/\" \/>\n<meta property=\"og:locale\" content=\"en_GB\" \/>\n<meta property=\"og:type\" content=\"article\" \/>\n<meta property=\"og:title\" content=\"Ahorro emisiones Espa\u00f1a - cero 2050\" \/>\n<meta property=\"og:description\" content=\"REDUCCI\u00d3N DE EMISIONES DE CO2 POR EL EMPLEO DE COMBUSTIBLES ALTERnATIVOS SERVIDOS en PUERTOS ESPA\u00f1OLES Sphera\/Thinkstep 2nd Life cycle GHG emissions study on the use of LNG as marine fuel Este documento de reciente publicaci\u00f3n es la principal referencia utilizada para la valoraci\u00f3n del ahorro de emisiones que supone el consumo de GNL como combustible &hellip;\" \/>\n<meta property=\"og:url\" content=\"https:\/\/cero2050.es\/en\/data\/mrv\/\" \/>\n<meta property=\"og:site_name\" content=\"cero 2050\" \/>\n<meta property=\"article:modified_time\" content=\"2025-08-22T18:50:23+00:00\" \/>\n<meta property=\"og:image\" content=\"https:\/\/cero2050.es\/wp-content\/uploads\/2020\/10\/EMSA.png\" \/>\n\t<meta property=\"og:image:width\" content=\"267\" \/>\n\t<meta property=\"og:image:height\" content=\"189\" \/>\n\t<meta property=\"og:image:type\" content=\"image\/png\" \/>\n<meta name=\"twitter:card\" content=\"summary_large_image\" \/>\n<meta name=\"twitter:label1\" content=\"Estimated reading time\" \/>\n\t<meta name=\"twitter:data1\" content=\"1 minute\" \/>\n<script type=\"application\/ld+json\" class=\"yoast-schema-graph\">{\"@context\":\"https:\/\/schema.org\",\"@graph\":[{\"@type\":\"WebPage\",\"@id\":\"https:\/\/cero2050.es\/es\/datos\/ahorro-emisiones-espana\/\",\"url\":\"https:\/\/cero2050.es\/es\/datos\/ahorro-emisiones-espana\/\",\"name\":\"Ahorro emisiones Espa\u00f1a - cero 2050\",\"isPartOf\":{\"@id\":\"https:\/\/cero2050.es\/es\/#website\"},\"primaryImageOfPage\":{\"@id\":\"https:\/\/cero2050.es\/es\/datos\/ahorro-emisiones-espana\/#primaryimage\"},\"image\":{\"@id\":\"https:\/\/cero2050.es\/es\/datos\/ahorro-emisiones-espana\/#primaryimage\"},\"thumbnailUrl\":\"https:\/\/cero2050.es\/wp-content\/uploads\/2020\/10\/EMSA.png\",\"datePublished\":\"2022-01-11T10:58:47+00:00\",\"dateModified\":\"2025-08-22T18:50:23+00:00\",\"breadcrumb\":{\"@id\":\"https:\/\/cero2050.es\/es\/datos\/ahorro-emisiones-espana\/#breadcrumb\"},\"inLanguage\":\"en-GB\",\"potentialAction\":[{\"@type\":\"ReadAction\",\"target\":[\"https:\/\/cero2050.es\/es\/datos\/ahorro-emisiones-espana\/\"]}]},{\"@type\":\"ImageObject\",\"inLanguage\":\"en-GB\",\"@id\":\"https:\/\/cero2050.es\/es\/datos\/ahorro-emisiones-espana\/#primaryimage\",\"url\":\"https:\/\/cero2050.es\/wp-content\/uploads\/2020\/10\/EMSA.png\",\"contentUrl\":\"https:\/\/cero2050.es\/wp-content\/uploads\/2020\/10\/EMSA.png\",\"width\":267,\"height\":189},{\"@type\":\"BreadcrumbList\",\"@id\":\"https:\/\/cero2050.es\/es\/datos\/ahorro-emisiones-espana\/#breadcrumb\",\"itemListElement\":[{\"@type\":\"ListItem\",\"position\":1,\"name\":\"Portada\",\"item\":\"https:\/\/cero2050.es\/es\/\"},{\"@type\":\"ListItem\",\"position\":2,\"name\":\"Datos\",\"item\":\"https:\/\/cero2050.es\/datos\/\"},{\"@type\":\"ListItem\",\"position\":3,\"name\":\"Ahorro emisiones Espa\u00f1a\"}]},{\"@type\":\"WebSite\",\"@id\":\"https:\/\/cero2050.es\/es\/#website\",\"url\":\"https:\/\/cero2050.es\/es\/\",\"name\":\"cero 2050\",\"description\":\"hacia las cero emisiones del transporte mar\u00edtimo en 2050\",\"publisher\":{\"@id\":\"https:\/\/cero2050.es\/es\/#organization\"},\"potentialAction\":[{\"@type\":\"SearchAction\",\"target\":{\"@type\":\"EntryPoint\",\"urlTemplate\":\"https:\/\/cero2050.es\/es\/?s={search_term_string}\"},\"query-input\":{\"@type\":\"PropertyValueSpecification\",\"valueRequired\":true,\"valueName\":\"search_term_string\"}}],\"inLanguage\":\"en-GB\"},{\"@type\":\"Organization\",\"@id\":\"https:\/\/cero2050.es\/es\/#organization\",\"name\":\"cero2050.es\",\"url\":\"https:\/\/cero2050.es\/es\/\",\"logo\":{\"@type\":\"ImageObject\",\"inLanguage\":\"en-GB\",\"@id\":\"https:\/\/cero2050.es\/es\/#\/schema\/logo\/image\/\",\"url\":\"https:\/\/cero2050.es\/wp-content\/uploads\/2021\/11\/cropped-zero2050-square.png\",\"contentUrl\":\"https:\/\/cero2050.es\/wp-content\/uploads\/2021\/11\/cropped-zero2050-square.png\",\"width\":512,\"height\":512,\"caption\":\"cero2050.es\"},\"image\":{\"@id\":\"https:\/\/cero2050.es\/es\/#\/schema\/logo\/image\/\"}}]}<\/script>\n<!-- \/ Yoast SEO plugin. -->","yoast_head_json":{"title":"Emissions savings Spain - zero 2050","robots":{"index":"index","follow":"follow","max-snippet":"max-snippet:-1","max-image-preview":"max-image-preview:large","max-video-preview":"max-video-preview:-1"},"canonical":"https:\/\/cero2050.es\/en\/data\/mrv\/","og_locale":"en_GB","og_type":"article","og_title":"Ahorro emisiones Espa\u00f1a - cero 2050","og_description":"REDUCCI\u00d3N DE EMISIONES DE CO2 POR EL EMPLEO DE COMBUSTIBLES ALTERnATIVOS SERVIDOS en PUERTOS ESPA\u00f1OLES Sphera\/Thinkstep 2nd Life cycle GHG emissions study on the use of LNG as marine fuel Este documento de reciente publicaci\u00f3n es la principal referencia utilizada para la valoraci\u00f3n del ahorro de emisiones que supone el consumo de GNL como combustible &hellip;","og_url":"https:\/\/cero2050.es\/en\/data\/mrv\/","og_site_name":"cero 2050","article_modified_time":"2025-08-22T18:50:23+00:00","og_image":[{"width":267,"height":189,"url":"https:\/\/cero2050.es\/wp-content\/uploads\/2020\/10\/EMSA.png","type":"image\/png"}],"twitter_card":"summary_large_image","twitter_misc":{"Estimated reading time":"1 minute"},"schema":{"@context":"https:\/\/schema.org","@graph":[{"@type":"WebPage","@id":"https:\/\/cero2050.es\/es\/datos\/ahorro-emisiones-espana\/","url":"https:\/\/cero2050.es\/es\/datos\/ahorro-emisiones-espana\/","name":"Emissions savings Spain - zero 2050","isPartOf":{"@id":"https:\/\/cero2050.es\/es\/#website"},"primaryImageOfPage":{"@id":"https:\/\/cero2050.es\/es\/datos\/ahorro-emisiones-espana\/#primaryimage"},"image":{"@id":"https:\/\/cero2050.es\/es\/datos\/ahorro-emisiones-espana\/#primaryimage"},"thumbnailUrl":"https:\/\/cero2050.es\/wp-content\/uploads\/2020\/10\/EMSA.png","datePublished":"2022-01-11T10:58:47+00:00","dateModified":"2025-08-22T18:50:23+00:00","breadcrumb":{"@id":"https:\/\/cero2050.es\/es\/datos\/ahorro-emisiones-espana\/#breadcrumb"},"inLanguage":"en-GB","potentialAction":[{"@type":"ReadAction","target":["https:\/\/cero2050.es\/es\/datos\/ahorro-emisiones-espana\/"]}]},{"@type":"ImageObject","inLanguage":"en-GB","@id":"https:\/\/cero2050.es\/es\/datos\/ahorro-emisiones-espana\/#primaryimage","url":"https:\/\/cero2050.es\/wp-content\/uploads\/2020\/10\/EMSA.png","contentUrl":"https:\/\/cero2050.es\/wp-content\/uploads\/2020\/10\/EMSA.png","width":267,"height":189},{"@type":"BreadcrumbList","@id":"https:\/\/cero2050.es\/es\/datos\/ahorro-emisiones-espana\/#breadcrumb","itemListElement":[{"@type":"ListItem","position":1,"name":"Portada","item":"https:\/\/cero2050.es\/es\/"},{"@type":"ListItem","position":2,"name":"Datos","item":"https:\/\/cero2050.es\/datos\/"},{"@type":"ListItem","position":3,"name":"Ahorro emisiones Espa\u00f1a"}]},{"@type":"WebSite","@id":"https:\/\/cero2050.es\/es\/#website","url":"https:\/\/cero2050.es\/es\/","name":"cero 2050","description":"towards zero emissions from shipping by 2050","publisher":{"@id":"https:\/\/cero2050.es\/es\/#organization"},"potentialAction":[{"@type":"SearchAction","target":{"@type":"EntryPoint","urlTemplate":"https:\/\/cero2050.es\/es\/?s={search_term_string}"},"query-input":{"@type":"PropertyValueSpecification","valueRequired":true,"valueName":"search_term_string"}}],"inLanguage":"en-GB"},{"@type":"Organization","@id":"https:\/\/cero2050.es\/es\/#organization","name":"zero2050.es","url":"https:\/\/cero2050.es\/es\/","logo":{"@type":"ImageObject","inLanguage":"en-GB","@id":"https:\/\/cero2050.es\/es\/#\/schema\/logo\/image\/","url":"https:\/\/cero2050.es\/wp-content\/uploads\/2021\/11\/cropped-zero2050-square.png","contentUrl":"https:\/\/cero2050.es\/wp-content\/uploads\/2021\/11\/cropped-zero2050-square.png","width":512,"height":512,"caption":"cero2050.es"},"image":{"@id":"https:\/\/cero2050.es\/es\/#\/schema\/logo\/image\/"}}]}},"_links":{"self":[{"href":"https:\/\/cero2050.es\/en\/wp-json\/wp\/v2\/pages\/74678","targetHints":{"allow":["GET"]}}],"collection":[{"href":"https:\/\/cero2050.es\/en\/wp-json\/wp\/v2\/pages"}],"about":[{"href":"https:\/\/cero2050.es\/en\/wp-json\/wp\/v2\/types\/page"}],"author":[{"embeddable":true,"href":"https:\/\/cero2050.es\/en\/wp-json\/wp\/v2\/users\/2"}],"replies":[{"embeddable":true,"href":"https:\/\/cero2050.es\/en\/wp-json\/wp\/v2\/comments?post=74678"}],"version-history":[{"count":0,"href":"https:\/\/cero2050.es\/en\/wp-json\/wp\/v2\/pages\/74678\/revisions"}],"up":[{"embeddable":true,"href":"https:\/\/cero2050.es\/en\/wp-json\/wp\/v2\/pages\/4103"}],"wp:featuredmedia":[{"embeddable":true,"href":"https:\/\/cero2050.es\/en\/wp-json\/wp\/v2\/media\/24744"}],"wp:attachment":[{"href":"https:\/\/cero2050.es\/en\/wp-json\/wp\/v2\/media?parent=74678"}],"curies":[{"name":"wp","href":"https:\/\/api.w.org\/{rel}","templated":true}]}}